{"id":2069,"date":"2018-01-08T15:39:16","date_gmt":"2018-01-08T14:39:16","guid":{"rendered":"http:\/\/www.guggemusik-halligalli.de\/?page_id=2069"},"modified":"2018-03-20T09:47:50","modified_gmt":"2018-03-20T08:47:50","slug":"galerie-2017-18","status":"publish","type":"page","link":"https:\/\/www.guggemusik-halligalli.de\/?page_id=2069","title":{"rendered":"Galerie 2017\/18"},"content":{"rendered":"<p>(neuste Bilder zuerst)<\/p>\n<ul>\n<li><a href=\"https:\/\/www.guggemusik-halligalli.de\/?page_id=2544\">Hauingen<\/a><\/li>\n<li><a href=\"https:\/\/www.guggemusik-halligalli.de\/?page_id=2509\">Gresgen<\/a><\/li>\n<li><a href=\"https:\/\/www.guggemusik-halligalli.de\/?page_id=2478\">Tegernau<\/a><\/li>\n<li><a href=\"https:\/\/www.guggemusik-halligalli.de\/?page_id=2386\">Hemdglunki Buurefasnacht<\/a><\/li>\n<li><a href=\"https:\/\/www.guggemusik-halligalli.de\/?page_id=2342\">Benefiz 2018<\/a><\/li>\n<li><a href=\"https:\/\/www.guggemusik-halligalli.de\/?page_id=2321\">Sch\u00f6nau<\/a><\/li>\n<li><a href=\"https:\/\/www.guggemusik-halligalli.de\/?page_id=2303\">Kandern<\/a><\/li>\n<li><a href=\"https:\/\/www.guggemusik-halligalli.de\/?page_id=2262\">Maulburg<\/a><\/li>\n<li><a href=\"https:\/\/www.guggemusik-halligalli.de\/?page_id=2284\">Rheinfelden &amp; H\u00fcsingen<\/a><\/li>\n<li><a href=\"https:\/\/www.guggemusik-halligalli.de\/?page_id=2186\">L\u00f6rrach<\/a><\/li>\n<li><a href=\"https:\/\/www.guggemusik-halligalli.de\/?page_id=2161\">Tunsel<\/a><\/li>\n<li><a href=\"https:\/\/www.guggemusik-halligalli.de\/?page_id=2095\">Schwarzwaldspitze &amp; Schopfheim<\/a><\/li>\n<li><a href=\"https:\/\/www.guggemusik-halligalli.de\/?page_id=2073\">Oberwihl<\/a><\/li>\n<\/ul>\n","protected":false},"excerpt":{"rendered":"<p>(neuste Bilder zuerst) Hauingen Gresgen Tegernau Hemdglunki Buurefasnacht Benefiz 2018 Sch\u00f6nau Kandern Maulburg Rheinfelden &amp; H\u00fcsingen L\u00f6rrach Tunsel Schwarzwaldspitze &amp; Schopfheim Oberwihl<\/p>\n","protected":false},"author":2,"featured_media":0,"parent":0,"menu_order":0,"comment_status":"closed","ping_status":"closed","template":"","meta":{"_bbp_topic_count":0,"_bbp_reply_count":0,"_bbp_total_topic_count":0,"_bbp_total_reply_count":0,"_bbp_voice_count":0,"_bbp_anonymous_reply_count":0,"_bbp_topic_count_hidden":0,"_bbp_reply_count_hidden":0,"_bbp_forum_subforum_count":0,"jetpack_post_was_ever_published":false,"footnotes":""},"class_list":["post-2069","page","type-page","status-publish","hentry"],"jetpack_sharing_enabled":true,"jetpack_shortlink":"https:\/\/wp.me\/P8qL9z-xn","_links":{"self":[{"href":"https:\/\/www.guggemusik-halligalli.de\/index.php?rest_route=\/wp\/v2\/pages\/2069","targetHints":{"allow":["GET"]}}],"collection":[{"href":"https:\/\/www.guggemusik-halligalli.de\/index.php?rest_route=\/wp\/v2\/pages"}],"about":[{"href":"https:\/\/www.guggemusik-halligalli.de\/index.php?rest_route=\/wp\/v2\/types\/page"}],"author":[{"embeddable":true,"href":"https:\/\/www.guggemusik-halligalli.de\/index.php?rest_route=\/wp\/v2\/users\/2"}],"replies":[{"embeddable":true,"href":"https:\/\/www.guggemusik-halligalli.de\/index.php?rest_route=%2Fwp%2Fv2%2Fcomments&post=2069"}],"version-history":[{"count":15,"href":"https:\/\/www.guggemusik-halligalli.de\/index.php?rest_route=\/wp\/v2\/pages\/2069\/revisions"}],"predecessor-version":[{"id":2566,"href":"https:\/\/www.guggemusik-halligalli.de\/index.php?rest_route=\/wp\/v2\/pages\/2069\/revisions\/2566"}],"wp:attachment":[{"href":"https:\/\/www.guggemusik-halligalli.de\/index.php?rest_route=%2Fwp%2Fv2%2Fmedia&parent=2069"}],"curies":[{"name":"wp","href":"https:\/\/api.w.org\/{rel}","templated":true}]}}